{"id":139,"date":"2019-11-16T18:45:19","date_gmt":"2019-11-16T17:45:19","guid":{"rendered":"http:\/\/sourcebleue.be\/?page_id=139"},"modified":"2019-11-16T20:13:41","modified_gmt":"2019-11-16T19:13:41","slug":"accueil","status":"publish","type":"page","link":"https:\/\/sourcebleue.be\/","title":{"rendered":"Accueil"},"content":{"rendered":"\n<p>Le site est actuellement utilis\u00e9 pour pr\u00e9senter 2 chevaux<\/p>\n\n\n\n<ul><li><a href=\"http:\/\/sourcebleue.be\/index.php\/test-page\/\">Honeyblue<\/a><\/li><li><a href=\"http:\/\/sourcebleue.be\/index.php\/irishblue\/\">Irishblue <\/a><\/li><\/ul>\n\n\n\n<p>Veuillez cliquer sur leur nom pour plus d&rsquo;infos &#8230;<\/p>\n\n\n\n<p>Vous trouverez leur g\u00e9n\u00e9alogie, r\u00e9sultats belges et \u00e9trangers ainsi qu&rsquo;une galerie photos et vid\u00e9o.<\/p>\n\n\n\n<p>Bonne visite.<\/p>\n\n\n\n<p><\/p>\n","protected":false},"excerpt":{"rendered":"<p>Le site est actuellement utilis\u00e9 pour pr\u00e9senter 2 chevaux Honeyblue Irishblue Veuillez cliquer sur leur nom pour plus d&rsquo;infos &#8230; Vous trouverez leur g\u00e9n\u00e9alogie, r\u00e9sultats belges et \u00e9trangers ainsi qu&rsquo;une galerie photos et vid\u00e9o. Bonne visite.<\/p>\n","protected":false},"author":1,"featured_media":0,"parent":0,"menu_order":0,"comment_status":"closed","ping_status":"closed","template":"","meta":{"footnotes":""},"_links":{"self":[{"href":"https:\/\/sourcebleue.be\/index.php\/wp-json\/wp\/v2\/pages\/139"}],"collection":[{"href":"https:\/\/sourcebleue.be\/index.php\/wp-json\/wp\/v2\/pages"}],"about":[{"href":"https:\/\/sourcebleue.be\/index.php\/wp-json\/wp\/v2\/types\/page"}],"author":[{"embeddable":true,"href":"https:\/\/sourcebleue.be\/index.php\/wp-json\/wp\/v2\/users\/1"}],"replies":[{"embeddable":true,"href":"https:\/\/sourcebleue.be\/index.php\/wp-json\/wp\/v2\/comments?post=139"}],"version-history":[{"count":4,"href":"https:\/\/sourcebleue.be\/index.php\/wp-json\/wp\/v2\/pages\/139\/revisions"}],"predecessor-version":[{"id":149,"href":"https:\/\/sourcebleue.be\/index.php\/wp-json\/wp\/v2\/pages\/139\/revisions\/149"}],"wp:attachment":[{"href":"https:\/\/sourcebleue.be\/index.php\/wp-json\/wp\/v2\/media?parent=139"}],"curies":[{"name":"wp","href":"https:\/\/api.w.org\/{rel}","templated":true}]}}